{"id":3921,"date":"2015-03-29T17:14:56","date_gmt":"2015-03-29T14:14:56","guid":{"rendered":"http:\/\/www.barisilkhan.com\/?page_id=3921"},"modified":"2024-04-17T16:13:05","modified_gmt":"2024-04-17T13:13:05","slug":"hakkinda","status":"publish","type":"page","link":"http:\/\/www.barisilkhan.com\/?page_id=3921","title":{"rendered":"HAKKINDA"},"content":{"rendered":"<div class=\"grid_4\">\n<h2><img loading=\"lazy\" class=\"aligncenter wp-image-3901\" src=\"http:\/\/www.barisilkhan.com\/wp-content\/uploads\/2015\/03\/baris_ilkhan_hakkimda.jpg\" alt=\"baris_ilkhan_hakkimda\" width=\"340\" height=\"481\" \/><\/h2>\n<\/div>\n<div class=\"grid_4\">\n<h2>Neler Yapt\u0131<\/h2>\n<p>1985\u2019de Mersin\u2019de do\u011fan \u0130lkhan 1999\u2019da Ressam Nurettin Erkan\u2019\u0131n yan\u0131nda sanat e\u011fitimine ba\u015flad\u0131. 2000 y\u0131l\u0131nda \u0130stanbul Avni Akyol Anadolu G\u00fczel Sanatlar Lisesinden mezun olup, birincilikle girdi\u011fi Mimar Sinan G\u00fczel Sanatlar \u00dcniversitesi Heykel B\u00f6l\u00fcm\u00fc\u2019n\u00fc yine birincilikle bitirerek Sak\u0131p Sabanc\u0131 \u00d6d\u00fcl\u00fcne lay\u0131k g\u00f6r\u00fcld\u00fc.<\/p>\n<p>2004-2009 y\u0131llar\u0131 aras\u0131nda Yelde\u011firmeni Sanat At\u00f6lyesi grubu ile \u00e7al\u0131\u015ft\u0131. 2006\u2019da Erlangen (Almanya) ve Be\u015fikta\u015f karde\u015f belediyelerinin d\u00fczenledi\u011fi workshopta \u00fcretti\u011fi \u201cBir Elman\u0131n \u0130ki Yar\u0131s\u0131\u201d adl\u0131 eseri, halen Erlangen\u2019de karde\u015fli\u011fin simgesi olarak sergilenmektedir. 2007 y\u0131l\u0131nda TSKB Bankas\u0131\u2019n\u0131n \u201c\u00c7evre\u201d konulu yar\u0131\u015fmas\u0131nda \u201cYaprak\u201d isimli eseriyle birincilik \u00f6d\u00fcl\u00fcn\u00fc kazand\u0131. 2006 Erzincan ve 2008 Prokonnesos Heykel sempozyumlar\u0131na kat\u0131ld\u0131. 2009 \u201cSanatorium Sivil Sanat \u0130nsiyatifi ve Galerisi\u201d nin isim babas\u0131 oldu ve a\u00e7\u0131l\u0131\u015f sergisine kat\u0131ld\u0131. 2009 y\u0131l\u0131nda Sanatorium\u2019da Heykel vs. Graffiti \u201cVersus\u201d adl\u0131 sergisini ger\u00e7ekle\u015ftirdi. \u201c2005-2006 \u0130pek-Ahmet Merey Sanat \u00d6d\u00fclleri\u201d, \u201c2006-2010 Artistanbul Fuar\u0131\u201d, \u201c2011 Sak\u0131p Sabanc\u0131 \u00d6d\u00fclleri\u201d, \u201c2012 Art Takes New York Time Square\u201d sergilerine kat\u0131ld\u0131. 2013 Bilge Adam bilgisayar destekli tasar\u0131m programlar\u0131 e\u011fitimi ald\u0131.<\/p>\n<p>2013-2014 y\u0131llar\u0131 aras\u0131nda Maslak Arena b\u00fcnyesindeki i\u015fletmelerde (XLARGE CLUB \u0130stanbul, ON \u0130stanbul), 2014-2015 Lokanta Tasar\u0131m, 2015-2016 Tasarist, 2016-2017 Bacchus, 2021-2021 Archior, 2022-2024 Lorem \u0130stanbul gibi reklam ajanslar\u0131 ve tasar\u0131m ofislerinde &#8220;Grafik Tasar\u0131mc\u0131&#8221; ve &#8220;Sanat Y\u00f6netmeni&#8221; olarak \u00e7al\u0131\u015ft\u0131.<\/p>\n<\/div>\n<div class=\"grid_4 last\">\n<h2>Yetenekleri<\/h2>\n<p><img loading=\"lazy\" class=\"alignnone wp-image-4280 size-full\" src=\"http:\/\/www.barisilkhan.com\/wp-content\/uploads\/2024\/04\/baris-ilkhan-yetenekler-2024.png\" alt=\"\" width=\"596\" height=\"1513\" \/><\/p>\n<\/div>\n","protected":false},"excerpt":{"rendered":"<p>Neler Yapt\u0131 1985\u2019de Mersin\u2019de do\u011fan \u0130lkhan 1999\u2019da Ressam Nurettin Erkan\u2019\u0131n yan\u0131nda sanat e\u011fitimine ba\u015flad\u0131. 2000 y\u0131l\u0131nda \u0130stanbul Avni Akyol Anadolu G\u00fczel Sanatlar Lisesinden mezun olup, birincilikle girdi\u011fi Mimar Sinan G\u00fczel Sanatlar \u00dcniversitesi Heykel B\u00f6l\u00fcm\u00fc\u2019n\u00fc yine birincilikle bitirerek Sak\u0131p Sabanc\u0131 \u00d6d\u00fcl\u00fcne lay\u0131k g\u00f6r\u00fcld\u00fc. 2004-2009 y\u0131llar\u0131 aras\u0131nda Yelde\u011firmeni Sanat At\u00f6lyesi grubu ile \u00e7al\u0131\u015ft\u0131. 2006\u2019da Erlangen (Almanya) ve Be\u015fikta\u015f karde\u015f belediyelerinin d\u00fczenledi\u011fi workshopta \u00fcretti\u011fi \u201cBir Elman\u0131n \u0130ki Yar\u0131s\u0131\u201d adl\u0131 eseri, halen Erlangen\u2019de karde\u015fli\u011fin simgesi olarak sergilenmektedir. 2007 y\u0131l\u0131nda TSKB Bankas\u0131\u2019n\u0131n \u201c\u00c7evre\u201d konulu yar\u0131\u015fmas\u0131nda&#8230;<\/p>\n","protected":false},"author":1,"featured_media":0,"parent":0,"menu_order":0,"comment_status":"closed","ping_status":"closed","template":"","meta":[],"_links":{"self":[{"href":"http:\/\/www.barisilkhan.com\/index.php?rest_route=\/wp\/v2\/pages\/3921"}],"collection":[{"href":"http:\/\/www.barisilkhan.com\/index.php?rest_route=\/wp\/v2\/pages"}],"about":[{"href":"http:\/\/www.barisilkhan.com\/index.php?rest_route=\/wp\/v2\/types\/page"}],"author":[{"embeddable":true,"href":"http:\/\/www.barisilkhan.com\/index.php?rest_route=\/wp\/v2\/users\/1"}],"replies":[{"embeddable":true,"href":"http:\/\/www.barisilkhan.com\/index.php?rest_route=%2Fwp%2Fv2%2Fcomments&post=3921"}],"version-history":[{"count":22,"href":"http:\/\/www.barisilkhan.com\/index.php?rest_route=\/wp\/v2\/pages\/3921\/revisions"}],"predecessor-version":[{"id":4590,"href":"http:\/\/www.barisilkhan.com\/index.php?rest_route=\/wp\/v2\/pages\/3921\/revisions\/4590"}],"wp:attachment":[{"href":"http:\/\/www.barisilkhan.com\/index.php?rest_route=%2Fwp%2Fv2%2Fmedia&parent=3921"}],"curies":[{"name":"wp","href":"https:\/\/api.w.org\/{rel}","templated":true}]}}