{"id":31,"date":"2009-11-16T21:45:45","date_gmt":"2009-11-16T19:45:45","guid":{"rendered":"http:\/\/themes.devatic.com\/daisho\/?page_id=18"},"modified":"2021-10-14T12:39:48","modified_gmt":"2021-10-14T09:39:48","slug":"contact","status":"publish","type":"page","link":"http:\/\/www.barisilkhan.com\/?page_id=31","title":{"rendered":"\u0130LET\u0130\u015e\u0130M"},"content":{"rendered":"<div class=\"grid_6\"><script type=\"text\/javascript\">\n\t\t\t  jQuery(document).ready(function(){\n\t\t\t\tgmap_initialize(41.085227, 29.078278, '69f34a711d4ac', 12);\n\t\t\t  });\n\t\t\t<\/script>\n\t\t\t<div id=\"map_canvas_69f34a711d4ac\" class=\"map_canvas\" style=\"height:365px;width:100%;float:left;\"><\/div><\/div>\n<div class=\"grid_6 last\">\n<address>\n<h2 style=\"margin-bottom: 10px; font-size: 150%;\">Bar\u0131\u015f \u0130LKHAN<\/h2>\n<p style=\"font-size: 14px;\">GSM: +90 535 616 22 04<br \/>\nE-MAIL: ilkhanbaris@gmail.com<\/p>\n<\/address>\n<\/div>\n","protected":false},"excerpt":{"rendered":"<p>Bar\u0131\u015f \u0130LKHAN GSM: +90 535 616 22 04 E-MAIL: ilkhanbaris@gmail.com<\/p>\n","protected":false},"author":1,"featured_media":0,"parent":0,"menu_order":0,"comment_status":"closed","ping_status":"closed","template":"","meta":[],"_links":{"self":[{"href":"http:\/\/www.barisilkhan.com\/index.php?rest_route=\/wp\/v2\/pages\/31"}],"collection":[{"href":"http:\/\/www.barisilkhan.com\/index.php?rest_route=\/wp\/v2\/pages"}],"about":[{"href":"http:\/\/www.barisilkhan.com\/index.php?rest_route=\/wp\/v2\/types\/page"}],"author":[{"embeddable":true,"href":"http:\/\/www.barisilkhan.com\/index.php?rest_route=\/wp\/v2\/users\/1"}],"replies":[{"embeddable":true,"href":"http:\/\/www.barisilkhan.com\/index.php?rest_route=%2Fwp%2Fv2%2Fcomments&post=31"}],"version-history":[{"count":10,"href":"http:\/\/www.barisilkhan.com\/index.php?rest_route=\/wp\/v2\/pages\/31\/revisions"}],"predecessor-version":[{"id":4274,"href":"http:\/\/www.barisilkhan.com\/index.php?rest_route=\/wp\/v2\/pages\/31\/revisions\/4274"}],"wp:attachment":[{"href":"http:\/\/www.barisilkhan.com\/index.php?rest_route=%2Fwp%2Fv2%2Fmedia&parent=31"}],"curies":[{"name":"wp","href":"https:\/\/api.w.org\/{rel}","templated":true}]}}